{"id":6,"date":"2026-02-23T10:09:41","date_gmt":"2026-02-23T09:09:41","guid":{"rendered":"http:\/\/pneumoxytol.it\/?page_id=6"},"modified":"2026-02-25T20:06:42","modified_gmt":"2026-02-25T19:06:42","slug":"home","status":"publish","type":"page","link":"https:\/\/www.pneumoxytol.it\/en\/","title":{"rendered":"Home"},"content":{"rendered":"<div data-elementor-type=\"wp-page\" data-elementor-id=\"6\" class=\"elementor elementor-6\" data-elementor-post-type=\"page\">\n\t\t\t\t<div class=\"elementor-element elementor-element-4ae631c e-flex e-con-boxed e-con e-parent\" data-id=\"4ae631c\" data-element_type=\"container\" data-e-type=\"container\" data-settings=\"{&quot;background_background&quot;:&quot;classic&quot;}\">\n\t\t\t\t\t<div class=\"e-con-inner\">\n\t\t<div class=\"elementor-element elementor-element-c413877 e-con-full e-flex e-con e-child\" data-id=\"c413877\" data-element_type=\"container\" data-e-type=\"container\">\n\t\t\t\t<div class=\"elementor-element elementor-element-0c5a2f4 elementor-widget elementor-widget-heading\" data-id=\"0c5a2f4\" data-element_type=\"widget\" data-e-type=\"widget\" data-widget_type=\"heading.default\">\n\t\t\t\t\t<h1 class=\"elementor-heading-title elementor-size-default\">Pneumoxytol\u00ae<\/h1>\t\t\t\t<\/div>\n\t\t\t\t<div class=\"elementor-element elementor-element-5b10983 elementor-widget elementor-widget-text-editor\" data-id=\"5b10983\" data-element_type=\"widget\" data-e-type=\"widget\" data-widget_type=\"text-editor.default\">\n\t\t\t\t\t\t\t\t\t<p>A product line designed to support\nrespiratory health, developed with a scientific\napproach and an international vision.<\/p>\t\t\t\t\t\t\t\t<\/div>\n\t\t\t\t<\/div>\n\t\t<div class=\"elementor-element elementor-element-e526770 e-con-full e-flex e-con e-child\" data-id=\"e526770\" data-element_type=\"container\" data-e-type=\"container\">\n\t\t\t\t<div class=\"elementor-element elementor-element-2630e7c elementor-widget elementor-widget-image\" data-id=\"2630e7c\" data-element_type=\"widget\" data-e-type=\"widget\" data-widget_type=\"image.default\">\n\t\t\t\t\t\t\t\t\t\t\t\t\t\t\t<img fetchpriority=\"high\" decoding=\"async\" width=\"500\" height=\"369\" src=\"https:\/\/www.pneumoxytol.it\/wp-content\/uploads\/2026\/02\/pneumoxytol_medical_device-2.png\" class=\"attachment-large size-large wp-image-120\" alt=\"\" srcset=\"https:\/\/www.pneumoxytol.it\/wp-content\/uploads\/2026\/02\/pneumoxytol_medical_device-2.png 500w, https:\/\/www.pneumoxytol.it\/wp-content\/uploads\/2026\/02\/pneumoxytol_medical_device-2-300x221.png 300w, https:\/\/www.pneumoxytol.it\/wp-content\/uploads\/2026\/02\/pneumoxytol_medical_device-2-16x12.png 16w\" sizes=\"(max-width: 500px) 100vw, 500px\" \/>\t\t\t\t\t\t\t\t\t\t\t\t\t\t\t<\/div>\n\t\t\t\t<\/div>\n\t\t<div class=\"elementor-element elementor-element-e5ec932 e-con-full e-flex e-con e-child\" data-id=\"e5ec932\" data-element_type=\"container\" data-e-type=\"container\">\n\t\t\t\t<div class=\"elementor-element elementor-element-b3a99a4 elementor-widget elementor-widget-image\" data-id=\"b3a99a4\" data-element_type=\"widget\" data-e-type=\"widget\" data-widget_type=\"image.default\">\n\t\t\t\t\t\t\t\t\t\t\t\t\t\t\t<img decoding=\"async\" width=\"500\" height=\"369\" src=\"https:\/\/www.pneumoxytol.it\/wp-content\/uploads\/2026\/02\/pneumoxytol_sachets-2.png\" class=\"attachment-large size-large wp-image-119\" alt=\"\" srcset=\"https:\/\/www.pneumoxytol.it\/wp-content\/uploads\/2026\/02\/pneumoxytol_sachets-2.png 500w, https:\/\/www.pneumoxytol.it\/wp-content\/uploads\/2026\/02\/pneumoxytol_sachets-2-300x221.png 300w, https:\/\/www.pneumoxytol.it\/wp-content\/uploads\/2026\/02\/pneumoxytol_sachets-2-16x12.png 16w\" sizes=\"(max-width: 500px) 100vw, 500px\" \/>\t\t\t\t\t\t\t\t\t\t\t\t\t\t\t<\/div>\n\t\t\t\t<\/div>\n\t\t\t\t\t<\/div>\n\t\t\t\t<\/div>\n\t\t<div class=\"elementor-element elementor-element-4fdd004 e-flex e-con-boxed e-con e-parent\" data-id=\"4fdd004\" data-element_type=\"container\" data-e-type=\"container\">\n\t\t\t\t\t<div class=\"e-con-inner\">\n\t\t\t\t<div class=\"elementor-element elementor-element-928da71 elementor-widget elementor-widget-heading\" data-id=\"928da71\" data-element_type=\"widget\" data-e-type=\"widget\" data-widget_type=\"heading.default\">\n\t\t\t\t\t<h2 class=\"elementor-heading-title elementor-size-default\">Select the pathway that best suits you<\/h2>\t\t\t\t<\/div>\n\t\t\t\t<div class=\"elementor-element elementor-element-6b2228c elementor-widget elementor-widget-text-editor\" data-id=\"6b2228c\" data-element_type=\"widget\" data-e-type=\"widget\" data-widget_type=\"text-editor.default\">\n\t\t\t\t\t\t\t\t\t<p>Scientific research, quality and product line consistency to address different needs.<\/p>\t\t\t\t\t\t\t\t<\/div>\n\t\t\t\t\t<\/div>\n\t\t\t\t<\/div>\n\t\t<div class=\"elementor-element elementor-element-84bb3cc e-flex e-con-boxed e-con e-parent\" data-id=\"84bb3cc\" data-element_type=\"container\" data-e-type=\"container\">\n\t\t\t\t\t<div class=\"e-con-inner\">\n\t\t<div class=\"elementor-element elementor-element-cbce521 e-con-full e-flex e-con e-child\" data-id=\"cbce521\" data-element_type=\"container\" data-e-type=\"container\">\n\t\t<div class=\"elementor-element elementor-element-325a91d e-con-full e-flex e-con e-child\" data-id=\"325a91d\" data-element_type=\"container\" data-e-type=\"container\">\n\t\t\t\t<div class=\"elementor-element elementor-element-79e37c1 elementor-widget elementor-widget-image\" data-id=\"79e37c1\" data-element_type=\"widget\" data-e-type=\"widget\" data-widget_type=\"image.default\">\n\t\t\t\t\t\t\t\t\t\t\t\t\t\t\t<img decoding=\"async\" width=\"58\" height=\"59\" src=\"https:\/\/www.pneumoxytol.it\/wp-content\/uploads\/2026\/02\/pneumoxytol__0000_Layer-3.png\" class=\"attachment-large size-large wp-image-100\" alt=\"\" \/>\t\t\t\t\t\t\t\t\t\t\t\t\t\t\t<\/div>\n\t\t\t\t<\/div>\n\t\t<div class=\"elementor-element elementor-element-bccd451 e-con-full e-flex e-con e-child\" data-id=\"bccd451\" data-element_type=\"container\" data-e-type=\"container\">\n\t\t<div class=\"elementor-element elementor-element-b2ea1d1 e-con-full e-flex e-con e-child\" data-id=\"b2ea1d1\" data-element_type=\"container\" data-e-type=\"container\">\n\t\t\t\t<div class=\"elementor-element elementor-element-5d691a6 elementor-widget elementor-widget-heading\" data-id=\"5d691a6\" data-element_type=\"widget\" data-e-type=\"widget\" data-widget_type=\"heading.default\">\n\t\t\t\t\t<h3 class=\"elementor-heading-title elementor-size-default\">Physicians Area<\/h3>\t\t\t\t<\/div>\n\t\t\t\t<div class=\"elementor-element elementor-element-06b638c elementor-widget elementor-widget-text-editor\" data-id=\"06b638c\" data-element_type=\"widget\" data-e-type=\"widget\" data-widget_type=\"text-editor.default\">\n\t\t\t\t\t\t\t\t\t<p>Scientific evidence<br \/>and in-depth materials.<\/p>\t\t\t\t\t\t\t\t<\/div>\n\t\t\t\t<div class=\"elementor-element elementor-element-94a6424 elementor-widget elementor-widget-button\" data-id=\"94a6424\" data-element_type=\"widget\" data-e-type=\"widget\" data-widget_type=\"button.default\">\n\t\t\t\t\t\t\t\t\t\t<a class=\"elementor-button elementor-button-link elementor-size-sm\" href=\"\/en\/area-medici\/\">\n\t\t\t\t\t\t<span class=\"elementor-button-content-wrapper\">\n\t\t\t\t\t\t\t\t\t<span class=\"elementor-button-text\">Learn more<\/span>\n\t\t\t\t\t<\/span>\n\t\t\t\t\t<\/a>\n\t\t\t\t\t\t\t\t<\/div>\n\t\t\t\t<\/div>\n\t\t\t\t<\/div>\n\t\t\t\t<\/div>\n\t\t<div class=\"elementor-element elementor-element-4343f69 e-con-full e-flex e-con e-child\" data-id=\"4343f69\" data-element_type=\"container\" data-e-type=\"container\">\n\t\t<div class=\"elementor-element elementor-element-fd96975 e-con-full e-flex e-con e-child\" data-id=\"fd96975\" data-element_type=\"container\" data-e-type=\"container\">\n\t\t\t\t<div class=\"elementor-element elementor-element-7ecb1c8 elementor-widget elementor-widget-image\" data-id=\"7ecb1c8\" data-element_type=\"widget\" data-e-type=\"widget\" data-widget_type=\"image.default\">\n\t\t\t\t\t\t\t\t\t\t\t\t\t\t\t<img loading=\"lazy\" decoding=\"async\" width=\"58\" height=\"59\" src=\"https:\/\/www.pneumoxytol.it\/wp-content\/uploads\/2026\/02\/pneumoxytol__0001_Layer-2.png\" class=\"attachment-large size-large wp-image-101\" alt=\"\" \/>\t\t\t\t\t\t\t\t\t\t\t\t\t\t\t<\/div>\n\t\t\t\t<\/div>\n\t\t<div class=\"elementor-element elementor-element-824e51f e-con-full e-flex e-con e-child\" data-id=\"824e51f\" data-element_type=\"container\" data-e-type=\"container\">\n\t\t<div class=\"elementor-element elementor-element-a921eac e-con-full e-flex e-con e-child\" data-id=\"a921eac\" data-element_type=\"container\" data-e-type=\"container\">\n\t\t\t\t<div class=\"elementor-element elementor-element-23c7dbf elementor-widget elementor-widget-heading\" data-id=\"23c7dbf\" data-element_type=\"widget\" data-e-type=\"widget\" data-widget_type=\"heading.default\">\n\t\t\t\t\t<h3 class=\"elementor-heading-title elementor-size-default\">Patients Area<\/h3>\t\t\t\t<\/div>\n\t\t\t\t<div class=\"elementor-element elementor-element-03aa10e elementor-widget elementor-widget-text-editor\" data-id=\"03aa10e\" data-element_type=\"widget\" data-e-type=\"widget\" data-widget_type=\"text-editor.default\">\n\t\t\t\t\t\t\t\t\t<p>Clear information on respiratory health\nand useful guidance.<\/p>\t\t\t\t\t\t\t\t<\/div>\n\t\t\t\t<div class=\"elementor-element elementor-element-dcd8901 elementor-widget elementor-widget-button\" data-id=\"dcd8901\" data-element_type=\"widget\" data-e-type=\"widget\" data-widget_type=\"button.default\">\n\t\t\t\t\t\t\t\t\t\t<a class=\"elementor-button elementor-button-link elementor-size-sm\" href=\"\/en\/area-pazienti\/\">\n\t\t\t\t\t\t<span class=\"elementor-button-content-wrapper\">\n\t\t\t\t\t\t\t\t\t<span class=\"elementor-button-text\">Learn more<\/span>\n\t\t\t\t\t<\/span>\n\t\t\t\t\t<\/a>\n\t\t\t\t\t\t\t\t<\/div>\n\t\t\t\t<\/div>\n\t\t\t\t<\/div>\n\t\t\t\t<\/div>\n\t\t<div class=\"elementor-element elementor-element-505ac8c e-con-full e-flex e-con e-child\" data-id=\"505ac8c\" data-element_type=\"container\" data-e-type=\"container\">\n\t\t<div class=\"elementor-element elementor-element-940707c e-con-full e-flex e-con e-child\" data-id=\"940707c\" data-element_type=\"container\" data-e-type=\"container\">\n\t\t\t\t<div class=\"elementor-element elementor-element-72ad169 elementor-widget elementor-widget-image\" data-id=\"72ad169\" data-element_type=\"widget\" data-e-type=\"widget\" data-widget_type=\"image.default\">\n\t\t\t\t\t\t\t\t\t\t\t\t\t\t\t<img loading=\"lazy\" decoding=\"async\" width=\"58\" height=\"59\" src=\"https:\/\/www.pneumoxytol.it\/wp-content\/uploads\/2026\/02\/pneumoxytol__0002_Layer-1.png\" class=\"attachment-large size-large wp-image-102\" alt=\"\" \/>\t\t\t\t\t\t\t\t\t\t\t\t\t\t\t<\/div>\n\t\t\t\t<\/div>\n\t\t<div class=\"elementor-element elementor-element-bca7cfb e-con-full e-flex e-con e-child\" data-id=\"bca7cfb\" data-element_type=\"container\" data-e-type=\"container\">\n\t\t<div class=\"elementor-element elementor-element-4b95efe e-con-full e-flex e-con e-child\" data-id=\"4b95efe\" data-element_type=\"container\" data-e-type=\"container\">\n\t\t\t\t<div class=\"elementor-element elementor-element-c7d59c4 elementor-widget elementor-widget-heading\" data-id=\"c7d59c4\" data-element_type=\"widget\" data-e-type=\"widget\" data-widget_type=\"heading.default\">\n\t\t\t\t\t<h3 class=\"elementor-heading-title elementor-size-default\">Companies Area<\/h3>\t\t\t\t<\/div>\n\t\t\t\t<div class=\"elementor-element elementor-element-bfe7815 elementor-widget elementor-widget-text-editor\" data-id=\"bfe7815\" data-element_type=\"widget\" data-e-type=\"widget\" data-widget_type=\"text-editor.default\">\n\t\t\t\t\t\t\t\t\t<p>Partnerships, licensing and international\ndistribution.<\/p>\t\t\t\t\t\t\t\t<\/div>\n\t\t\t\t<div class=\"elementor-element elementor-element-48b0c75 elementor-widget elementor-widget-button\" data-id=\"48b0c75\" data-element_type=\"widget\" data-e-type=\"widget\" data-widget_type=\"button.default\">\n\t\t\t\t\t\t\t\t\t\t<a class=\"elementor-button elementor-button-link elementor-size-sm\" href=\"\/en\/area-aziende\/\">\n\t\t\t\t\t\t<span class=\"elementor-button-content-wrapper\">\n\t\t\t\t\t\t\t\t\t<span class=\"elementor-button-text\">Learn more<\/span>\n\t\t\t\t\t<\/span>\n\t\t\t\t\t<\/a>\n\t\t\t\t\t\t\t\t<\/div>\n\t\t\t\t<\/div>\n\t\t\t\t<\/div>\n\t\t\t\t<\/div>\n\t\t\t\t\t<\/div>\n\t\t\t\t<\/div>\n\t\t\t\t<\/div>","protected":false},"excerpt":{"rendered":"<p>Pneumoxytol\u00ae La Linea per supportare la salute respiratoria, sviluppata con un approccio scientifico e una visione internazionale. Seleziona il percorso pi\u00f9 adatto a te Ricerca scientifica, qualit\u00e0 e coerenza di linea per rispondere a esigenze diverse. Area Medici Evidenze e materiali diapprofondimento. Scopri di pi\u00f9 Area Pazienti Informazioni chiare sulla salute respiratoria e indicazioni utili. [&hellip;]<\/p>\n","protected":false},"author":1,"featured_media":0,"parent":0,"menu_order":0,"comment_status":"closed","ping_status":"closed","template":"","meta":{"footnotes":""},"class_list":["post-6","page","type-page","status-publish","hentry"],"yoast_head":"<!-- This site is optimized with the Yoast SEO plugin v27.0 - https:\/\/yoast.com\/product\/yoast-seo-wordpress\/ -->\n<title>Home - Pneumoxytol\u00ae<\/title>\n<meta name=\"robots\" content=\"index, follow, max-snippet:-1, max-image-preview:large, max-video-preview:-1\" \/>\n<link rel=\"canonical\" href=\"https:\/\/www.pneumoxytol.it\/en\/\" \/>\n<meta property=\"og:locale\" content=\"en_US\" \/>\n<meta property=\"og:type\" content=\"article\" \/>\n<meta property=\"og:title\" content=\"Home - Pneumoxytol\u00ae\" \/>\n<meta property=\"og:description\" content=\"Pneumoxytol\u00ae La Linea per supportare la salute respiratoria, sviluppata con un approccio scientifico e una visione internazionale. Seleziona il percorso pi\u00f9 adatto a te Ricerca scientifica, qualit\u00e0 e coerenza di linea per rispondere a esigenze diverse. Area Medici Evidenze e materiali diapprofondimento. Scopri di pi\u00f9 Area Pazienti Informazioni chiare sulla salute respiratoria e indicazioni utili. [&hellip;]\" \/>\n<meta property=\"og:url\" content=\"https:\/\/www.pneumoxytol.it\/en\/\" \/>\n<meta property=\"og:site_name\" content=\"Pneumoxytol\u00ae\" \/>\n<meta property=\"article:modified_time\" content=\"2026-02-25T19:06:42+00:00\" \/>\n<meta property=\"og:image\" content=\"https:\/\/www.pneumoxytol.it\/wp-content\/uploads\/2026\/02\/Pneumoxytol-sito-web_REV-MI_Mod-Ga3_-rev-PL_ModGa_Page_1_Image_0003.png\" \/>\n<meta name=\"twitter:card\" content=\"summary_large_image\" \/>\n<meta name=\"twitter:label1\" content=\"Est. reading time\" \/>\n\t<meta name=\"twitter:data1\" content=\"1 minute\" \/>\n<script type=\"application\/ld+json\" class=\"yoast-schema-graph\">{\"@context\":\"https:\/\/schema.org\",\"@graph\":[{\"@type\":\"WebPage\",\"@id\":\"https:\/\/www.pneumoxytol.it\/\",\"url\":\"https:\/\/www.pneumoxytol.it\/\",\"name\":\"Home - Pneumoxytol\u00ae\",\"isPartOf\":{\"@id\":\"https:\/\/www.pneumoxytol.it\/#website\"},\"primaryImageOfPage\":{\"@id\":\"https:\/\/www.pneumoxytol.it\/#primaryimage\"},\"image\":{\"@id\":\"https:\/\/www.pneumoxytol.it\/#primaryimage\"},\"thumbnailUrl\":\"https:\/\/www.pneumoxytol.it\/wp-content\/uploads\/2026\/02\/Pneumoxytol-sito-web_REV-MI_Mod-Ga3_-rev-PL_ModGa_Page_1_Image_0003.png\",\"datePublished\":\"2026-02-23T09:09:41+00:00\",\"dateModified\":\"2026-02-25T19:06:42+00:00\",\"breadcrumb\":{\"@id\":\"https:\/\/www.pneumoxytol.it\/#breadcrumb\"},\"inLanguage\":\"en-US\",\"potentialAction\":[{\"@type\":\"ReadAction\",\"target\":[\"https:\/\/www.pneumoxytol.it\/\"]}]},{\"@type\":\"ImageObject\",\"inLanguage\":\"en-US\",\"@id\":\"https:\/\/www.pneumoxytol.it\/#primaryimage\",\"url\":\"https:\/\/www.pneumoxytol.it\/wp-content\/uploads\/2026\/02\/Pneumoxytol-sito-web_REV-MI_Mod-Ga3_-rev-PL_ModGa_Page_1_Image_0003.png\",\"contentUrl\":\"https:\/\/www.pneumoxytol.it\/wp-content\/uploads\/2026\/02\/Pneumoxytol-sito-web_REV-MI_Mod-Ga3_-rev-PL_ModGa_Page_1_Image_0003.png\"},{\"@type\":\"BreadcrumbList\",\"@id\":\"https:\/\/www.pneumoxytol.it\/#breadcrumb\",\"itemListElement\":[{\"@type\":\"ListItem\",\"position\":1,\"name\":\"Home\",\"item\":\"https:\/\/www.pneumoxytol.it\/\"},{\"@type\":\"ListItem\",\"position\":2,\"name\":\"Home\"}]},{\"@type\":\"WebSite\",\"@id\":\"https:\/\/www.pneumoxytol.it\/#website\",\"url\":\"https:\/\/www.pneumoxytol.it\/\",\"name\":\"Pneumoxytol\u00ae\",\"description\":\"\",\"publisher\":{\"@id\":\"https:\/\/www.pneumoxytol.it\/#organization\"},\"potentialAction\":[{\"@type\":\"SearchAction\",\"target\":{\"@type\":\"EntryPoint\",\"urlTemplate\":\"https:\/\/www.pneumoxytol.it\/?s={search_term_string}\"},\"query-input\":{\"@type\":\"PropertyValueSpecification\",\"valueRequired\":true,\"valueName\":\"search_term_string\"}}],\"inLanguage\":\"en-US\"},{\"@type\":\"Organization\",\"@id\":\"https:\/\/www.pneumoxytol.it\/#organization\",\"name\":\"Pneumoxytol\u00ae\",\"url\":\"https:\/\/www.pneumoxytol.it\/\",\"logo\":{\"@type\":\"ImageObject\",\"inLanguage\":\"en-US\",\"@id\":\"https:\/\/www.pneumoxytol.it\/#\/schema\/logo\/image\/\",\"url\":\"http:\/\/pneumoxytol.it\/wp-content\/uploads\/2026\/02\/progetto-pagine-insieme-2.png\",\"contentUrl\":\"http:\/\/pneumoxytol.it\/wp-content\/uploads\/2026\/02\/progetto-pagine-insieme-2.png\",\"width\":192,\"height\":32,\"caption\":\"Pneumoxytol\u00ae\"},\"image\":{\"@id\":\"https:\/\/www.pneumoxytol.it\/#\/schema\/logo\/image\/\"}}]}<\/script>\n<!-- \/ Yoast SEO plugin. -->","yoast_head_json":{"title":"Home - Pneumoxytol\u00ae","robots":{"index":"index","follow":"follow","max-snippet":"max-snippet:-1","max-image-preview":"max-image-preview:large","max-video-preview":"max-video-preview:-1"},"canonical":"https:\/\/www.pneumoxytol.it\/en\/","og_locale":"en_US","og_type":"article","og_title":"Home - Pneumoxytol\u00ae","og_description":"Pneumoxytol\u00ae La Linea per supportare la salute respiratoria, sviluppata con un approccio scientifico e una visione internazionale. Seleziona il percorso pi\u00f9 adatto a te Ricerca scientifica, qualit\u00e0 e coerenza di linea per rispondere a esigenze diverse. Area Medici Evidenze e materiali diapprofondimento. Scopri di pi\u00f9 Area Pazienti Informazioni chiare sulla salute respiratoria e indicazioni utili. [&hellip;]","og_url":"https:\/\/www.pneumoxytol.it\/en\/","og_site_name":"Pneumoxytol\u00ae","article_modified_time":"2026-02-25T19:06:42+00:00","og_image":[{"url":"https:\/\/www.pneumoxytol.it\/wp-content\/uploads\/2026\/02\/Pneumoxytol-sito-web_REV-MI_Mod-Ga3_-rev-PL_ModGa_Page_1_Image_0003.png","type":"","width":"","height":""}],"twitter_card":"summary_large_image","twitter_misc":{"Est. reading time":"1 minute"},"schema":{"@context":"https:\/\/schema.org","@graph":[{"@type":"WebPage","@id":"https:\/\/www.pneumoxytol.it\/","url":"https:\/\/www.pneumoxytol.it\/","name":"Home - Pneumoxytol\u00ae","isPartOf":{"@id":"https:\/\/www.pneumoxytol.it\/#website"},"primaryImageOfPage":{"@id":"https:\/\/www.pneumoxytol.it\/#primaryimage"},"image":{"@id":"https:\/\/www.pneumoxytol.it\/#primaryimage"},"thumbnailUrl":"https:\/\/www.pneumoxytol.it\/wp-content\/uploads\/2026\/02\/Pneumoxytol-sito-web_REV-MI_Mod-Ga3_-rev-PL_ModGa_Page_1_Image_0003.png","datePublished":"2026-02-23T09:09:41+00:00","dateModified":"2026-02-25T19:06:42+00:00","breadcrumb":{"@id":"https:\/\/www.pneumoxytol.it\/#breadcrumb"},"inLanguage":"en-US","potentialAction":[{"@type":"ReadAction","target":["https:\/\/www.pneumoxytol.it\/"]}]},{"@type":"ImageObject","inLanguage":"en-US","@id":"https:\/\/www.pneumoxytol.it\/#primaryimage","url":"https:\/\/www.pneumoxytol.it\/wp-content\/uploads\/2026\/02\/Pneumoxytol-sito-web_REV-MI_Mod-Ga3_-rev-PL_ModGa_Page_1_Image_0003.png","contentUrl":"https:\/\/www.pneumoxytol.it\/wp-content\/uploads\/2026\/02\/Pneumoxytol-sito-web_REV-MI_Mod-Ga3_-rev-PL_ModGa_Page_1_Image_0003.png"},{"@type":"BreadcrumbList","@id":"https:\/\/www.pneumoxytol.it\/#breadcrumb","itemListElement":[{"@type":"ListItem","position":1,"name":"Home","item":"https:\/\/www.pneumoxytol.it\/"},{"@type":"ListItem","position":2,"name":"Home"}]},{"@type":"WebSite","@id":"https:\/\/www.pneumoxytol.it\/#website","url":"https:\/\/www.pneumoxytol.it\/","name":"Pneumoxytol\u00ae","description":"","publisher":{"@id":"https:\/\/www.pneumoxytol.it\/#organization"},"potentialAction":[{"@type":"SearchAction","target":{"@type":"EntryPoint","urlTemplate":"https:\/\/www.pneumoxytol.it\/?s={search_term_string}"},"query-input":{"@type":"PropertyValueSpecification","valueRequired":true,"valueName":"search_term_string"}}],"inLanguage":"en-US"},{"@type":"Organization","@id":"https:\/\/www.pneumoxytol.it\/#organization","name":"Pneumoxytol\u00ae","url":"https:\/\/www.pneumoxytol.it\/","logo":{"@type":"ImageObject","inLanguage":"en-US","@id":"https:\/\/www.pneumoxytol.it\/#\/schema\/logo\/image\/","url":"http:\/\/pneumoxytol.it\/wp-content\/uploads\/2026\/02\/progetto-pagine-insieme-2.png","contentUrl":"http:\/\/pneumoxytol.it\/wp-content\/uploads\/2026\/02\/progetto-pagine-insieme-2.png","width":192,"height":32,"caption":"Pneumoxytol\u00ae"},"image":{"@id":"https:\/\/www.pneumoxytol.it\/#\/schema\/logo\/image\/"}}]}},"_links":{"self":[{"href":"https:\/\/www.pneumoxytol.it\/en\/wp-json\/wp\/v2\/pages\/6","targetHints":{"allow":["GET"]}}],"collection":[{"href":"https:\/\/www.pneumoxytol.it\/en\/wp-json\/wp\/v2\/pages"}],"about":[{"href":"https:\/\/www.pneumoxytol.it\/en\/wp-json\/wp\/v2\/types\/page"}],"author":[{"embeddable":true,"href":"https:\/\/www.pneumoxytol.it\/en\/wp-json\/wp\/v2\/users\/1"}],"replies":[{"embeddable":true,"href":"https:\/\/www.pneumoxytol.it\/en\/wp-json\/wp\/v2\/comments?post=6"}],"version-history":[{"count":187,"href":"https:\/\/www.pneumoxytol.it\/en\/wp-json\/wp\/v2\/pages\/6\/revisions"}],"predecessor-version":[{"id":1136,"href":"https:\/\/www.pneumoxytol.it\/en\/wp-json\/wp\/v2\/pages\/6\/revisions\/1136"}],"wp:attachment":[{"href":"https:\/\/www.pneumoxytol.it\/en\/wp-json\/wp\/v2\/media?parent=6"}],"curies":[{"name":"wp","href":"https:\/\/api.w.org\/{rel}","templated":true}]}}